{"id":1364,"date":"2026-05-07T20:17:16","date_gmt":"2026-05-07T18:17:16","guid":{"rendered":"https:\/\/www.klima-rothenburg.de\/?page_id=1364"},"modified":"2026-05-07T21:59:46","modified_gmt":"2026-05-07T19:59:46","slug":"buergerdialoge","status":"publish","type":"page","link":"https:\/\/www.klima-rothenburg.de\/index.php\/buergerdialoge\/","title":{"rendered":"B\u00fcrgerdialoge"},"content":{"rendered":"\n<h3 class=\"wp-block-heading\">5. B\u00fcrgerdialog am 10.4.2026<\/h3>\n\n\n\n<p><strong>Bericht der FLZ in ihrer Ausgabe vom 18.4.2026 \u00fcber den B\u00fcrgerdialog : <\/strong><\/p>\n\n\n\n<p><strong>=&gt; <a href=\"https:\/\/www.ui-deref.de\/r\/?to=https:\/\/www.flz.de\/article\/id\/ps-9c2e6c28-bb46-4eaf-bb39-bb518c554313&amp;tt1=VazE0ehl_HN2y6U5TpkTMEO3Djzc-HdZwoXc7a-MRkMKTPppirz6aX7gwgmgXSDMZwLzS2uZXd0Ckz6aWVkZAD8nRMggwaz4tM-rrs42Lm7\" target=\"_blank\" rel=\"noreferrer noopener\">Auch auf dem Teller entscheidet sich viel | FLZ.de<\/a><\/strong><\/p>\n\n\n\n<div class=\"wp-block-columns is-layout-flex wp-container-core-columns-is-layout-9d6595d7 wp-block-columns-is-layout-flex\">\n<div class=\"wp-block-column is-vertically-aligned-top is-layout-flow wp-block-column-is-layout-flow\" style=\"flex-basis:100%\">\n<div class=\"wp-block-columns is-layout-flex wp-container-core-columns-is-layout-9d6595d7 wp-block-columns-is-layout-flex\">\n<div class=\"wp-block-column is-layout-flow wp-block-column-is-layout-flow\" style=\"flex-basis:100%\"><div class=\"wp-block-image\">\n<figure class=\"alignleft size-large\"><img loading=\"lazy\" decoding=\"async\" width=\"1024\" height=\"301\" src=\"https:\/\/www.klima-rothenburg.de\/wordpress\/wp-content\/uploads\/2026\/05\/Reinhold_Bleisteiner_Wuechner-schmal1-1024x301.jpg\" alt=\"\" class=\"wp-image-1384\" srcset=\"https:\/\/www.klima-rothenburg.de\/wordpress\/wp-content\/uploads\/2026\/05\/Reinhold_Bleisteiner_Wuechner-schmal1-1024x301.jpg 1024w, https:\/\/www.klima-rothenburg.de\/wordpress\/wp-content\/uploads\/2026\/05\/Reinhold_Bleisteiner_Wuechner-schmal1-300x88.jpg 300w, https:\/\/www.klima-rothenburg.de\/wordpress\/wp-content\/uploads\/2026\/05\/Reinhold_Bleisteiner_Wuechner-schmal1-768x226.jpg 768w, https:\/\/www.klima-rothenburg.de\/wordpress\/wp-content\/uploads\/2026\/05\/Reinhold_Bleisteiner_Wuechner-schmal1-1536x452.jpg 1536w, https:\/\/www.klima-rothenburg.de\/wordpress\/wp-content\/uploads\/2026\/05\/Reinhold_Bleisteiner_Wuechner-schmal1-2048x602.jpg 2048w\" sizes=\"auto, (max-width: 1024px) 100vw, 1024px\" \/><figcaption class=\"wp-element-caption\">Hans Reinhold, Norbert Bleisteiner und Gerald W\u00fcchner zum Thema &#8222;Auf dem Teller&#8220;.           Foto: Kraus                                                                                                                   <\/figcaption><\/figure>\n<\/div><\/div>\n<\/div>\n<\/div>\n<\/div>\n\n\n\n<p><\/p>\n\n\n\n<p><\/p>\n\n\n\n<h3 class=\"wp-block-heading\">4. B\u00fcrgerdialog am 10.10.2025<\/h3>\n\n\n\n<p>Thema: \u201eEnergiewende, es geht voran!?\u201c<\/p>\n\n\n\n<p><strong>=&gt; Link zur Berichterstattung<\/strong><\/p>\n\n\n\n<p><\/p>\n\n\n\n<h3 class=\"wp-block-heading\">3. B\u00fcrgerdialog am 18.10.2024<\/h3>\n\n\n\n<p><strong>Thema: \u201eEnergie von hier\u201c &#8211; Chancen f\u00fcr unsere Region und jeden Einzelnen&#8220;<\/strong><\/p>\n\n\n\n<p><strong>=&gt; Link zur Berichterstattung<\/strong><\/p>\n\n\n\n<figure class=\"wp-block-image size-large\"><img loading=\"lazy\" decoding=\"async\" width=\"1024\" height=\"330\" src=\"https:\/\/www.klima-rothenburg.de\/wordpress\/wp-content\/uploads\/2026\/05\/241018_Dritter_BuergerdialogIMG_5555-1-1024x330.jpg\" alt=\"\" class=\"wp-image-1392\" srcset=\"https:\/\/www.klima-rothenburg.de\/wordpress\/wp-content\/uploads\/2026\/05\/241018_Dritter_BuergerdialogIMG_5555-1-1024x330.jpg 1024w, https:\/\/www.klima-rothenburg.de\/wordpress\/wp-content\/uploads\/2026\/05\/241018_Dritter_BuergerdialogIMG_5555-1-300x97.jpg 300w, https:\/\/www.klima-rothenburg.de\/wordpress\/wp-content\/uploads\/2026\/05\/241018_Dritter_BuergerdialogIMG_5555-1-768x248.jpg 768w, https:\/\/www.klima-rothenburg.de\/wordpress\/wp-content\/uploads\/2026\/05\/241018_Dritter_BuergerdialogIMG_5555-1-1536x495.jpg 1536w, https:\/\/www.klima-rothenburg.de\/wordpress\/wp-content\/uploads\/2026\/05\/241018_Dritter_BuergerdialogIMG_5555-1-2048x660.jpg 2048w\" sizes=\"auto, (max-width: 1024px) 100vw, 1024px\" \/><\/figure>\n\n\n\n<p>Dr. Rainer Saliger, Siemens AG Erlangen, und Sebastian Kittel, Stadtwerke Uffenheim.         Foto: Bor\u00e9e<\/p>\n\n\n\n<p><\/p>\n\n\n\n<p><\/p>\n","protected":false},"excerpt":{"rendered":"<p>5. B\u00fcrgerdialog am 10.4.2026 Bericht der FLZ in ihrer Ausgabe vom 18.4.2026 \u00fcber den B\u00fcrgerdialog : =&gt; Auch auf dem Teller entscheidet sich viel | FLZ.de 4. B\u00fcrgerdialog am 10.10.2025 Thema: \u201eEnergiewende, es geht voran!?\u201c =&gt; Link zur Berichterstattung 3. B\u00fcrgerdialog am 18.10.2024 Thema: \u201eEnergie von hier\u201c &#8211; Chancen f\u00fcr unsere Region und jeden Einzelnen&#8220;&hellip;&nbsp;<a href=\"https:\/\/www.klima-rothenburg.de\/index.php\/buergerdialoge\/\" rel=\"bookmark\">Weiterlesen &raquo;<span class=\"screen-reader-text\">B\u00fcrgerdialoge<\/span><\/a><\/p>\n","protected":false},"author":3,"featured_media":0,"parent":0,"menu_order":0,"comment_status":"closed","ping_status":"closed","template":"","meta":{"neve_meta_sidebar":"","neve_meta_container":"","neve_meta_enable_content_width":"","neve_meta_content_width":0,"neve_meta_title_alignment":"","neve_meta_author_avatar":"","neve_post_elements_order":"","neve_meta_disable_header":"","neve_meta_disable_footer":"","neve_meta_disable_title":"","footnotes":""},"class_list":["post-1364","page","type-page","status-publish","hentry"],"amp_enabled":true,"_links":{"self":[{"href":"https:\/\/www.klima-rothenburg.de\/index.php\/wp-json\/wp\/v2\/pages\/1364","targetHints":{"allow":["GET"]}}],"collection":[{"href":"https:\/\/www.klima-rothenburg.de\/index.php\/wp-json\/wp\/v2\/pages"}],"about":[{"href":"https:\/\/www.klima-rothenburg.de\/index.php\/wp-json\/wp\/v2\/types\/page"}],"author":[{"embeddable":true,"href":"https:\/\/www.klima-rothenburg.de\/index.php\/wp-json\/wp\/v2\/users\/3"}],"replies":[{"embeddable":true,"href":"https:\/\/www.klima-rothenburg.de\/index.php\/wp-json\/wp\/v2\/comments?post=1364"}],"version-history":[{"count":9,"href":"https:\/\/www.klima-rothenburg.de\/index.php\/wp-json\/wp\/v2\/pages\/1364\/revisions"}],"predecessor-version":[{"id":1398,"href":"https:\/\/www.klima-rothenburg.de\/index.php\/wp-json\/wp\/v2\/pages\/1364\/revisions\/1398"}],"wp:attachment":[{"href":"https:\/\/www.klima-rothenburg.de\/index.php\/wp-json\/wp\/v2\/media?parent=1364"}],"curies":[{"name":"wp","href":"https:\/\/api.w.org\/{rel}","templated":true}]}}