{"id":1466,"date":"2026-05-14T11:16:54","date_gmt":"2026-05-14T09:16:54","guid":{"rendered":"https:\/\/www.klima-rothenburg.de\/?page_id=1466"},"modified":"2026-05-14T11:42:49","modified_gmt":"2026-05-14T09:42:49","slug":"kontakt","status":"publish","type":"page","link":"https:\/\/www.klima-rothenburg.de\/index.php\/kontakt\/","title":{"rendered":"Kontakt"},"content":{"rendered":"\n<p><\/p>\n\n\n\n<div class=\"wp-block-group is-nowrap is-layout-flex wp-container-core-group-is-layout-ad2f72ca wp-block-group-is-layout-flex\">\n<div class=\"wp-block-columns is-layout-flex wp-container-core-columns-is-layout-9d6595d7 wp-block-columns-is-layout-flex\">\n<div class=\"wp-block-column is-layout-flow wp-block-column-is-layout-flow\" style=\"flex-basis:100%\">\n<h4 class=\"wp-block-heading\"><strong>Hier k\u00f6nnen Sie mit dem Klimab\u00fcndnis Region Rothenburg Kontakt aufnehmen, um mehr \u00fcber anstehende Veranstaltungen, Projekte und Treffen der Gruppe zu erfahren: <br>info(at)klima-rothenburg.de<\/strong><\/h4>\n\n\n\n<h2 class=\"wp-block-heading\"><\/h2>\n<\/div>\n<\/div>\n\n\n\n<figure class=\"wp-block-image size-full\"><img loading=\"lazy\" decoding=\"async\" width=\"1220\" height=\"1535\" src=\"https:\/\/www.klima-rothenburg.de\/wordpress\/wp-content\/uploads\/2021\/05\/Titel.jpg\" alt=\"\" class=\"wp-image-659\" srcset=\"https:\/\/www.klima-rothenburg.de\/wordpress\/wp-content\/uploads\/2021\/05\/Titel.jpg 1220w, https:\/\/www.klima-rothenburg.de\/wordpress\/wp-content\/uploads\/2021\/05\/Titel-238x300.jpg 238w, https:\/\/www.klima-rothenburg.de\/wordpress\/wp-content\/uploads\/2021\/05\/Titel-814x1024.jpg 814w, https:\/\/www.klima-rothenburg.de\/wordpress\/wp-content\/uploads\/2021\/05\/Titel-768x966.jpg 768w\" sizes=\"auto, (max-width: 1220px) 100vw, 1220px\" \/><\/figure>\n<\/div>\n\n\n\n<div class=\"wp-block-group is-layout-grid wp-container-core-group-is-layout-ae5b3860 wp-block-group-is-layout-grid\">\n<p><\/p>\n<\/div>\n\n\n\n<p><\/p>\n","protected":false},"excerpt":{"rendered":"<p>Hier k\u00f6nnen Sie mit dem Klimab\u00fcndnis Region Rothenburg Kontakt aufnehmen, um mehr \u00fcber anstehende Veranstaltungen, Projekte und Treffen der Gruppe zu erfahren: info(at)klima-rothenburg.de<\/p>\n","protected":false},"author":3,"featured_media":0,"parent":0,"menu_order":0,"comment_status":"closed","ping_status":"closed","template":"","meta":{"neve_meta_sidebar":"","neve_meta_container":"","neve_meta_enable_content_width":"","neve_meta_content_width":0,"neve_meta_title_alignment":"","neve_meta_author_avatar":"","neve_post_elements_order":"","neve_meta_disable_header":"","neve_meta_disable_footer":"","neve_meta_disable_title":"","footnotes":""},"class_list":["post-1466","page","type-page","status-publish","hentry"],"amp_enabled":true,"_links":{"self":[{"href":"https:\/\/www.klima-rothenburg.de\/index.php\/wp-json\/wp\/v2\/pages\/1466","targetHints":{"allow":["GET"]}}],"collection":[{"href":"https:\/\/www.klima-rothenburg.de\/index.php\/wp-json\/wp\/v2\/pages"}],"about":[{"href":"https:\/\/www.klima-rothenburg.de\/index.php\/wp-json\/wp\/v2\/types\/page"}],"author":[{"embeddable":true,"href":"https:\/\/www.klima-rothenburg.de\/index.php\/wp-json\/wp\/v2\/users\/3"}],"replies":[{"embeddable":true,"href":"https:\/\/www.klima-rothenburg.de\/index.php\/wp-json\/wp\/v2\/comments?post=1466"}],"version-history":[{"count":5,"href":"https:\/\/www.klima-rothenburg.de\/index.php\/wp-json\/wp\/v2\/pages\/1466\/revisions"}],"predecessor-version":[{"id":1478,"href":"https:\/\/www.klima-rothenburg.de\/index.php\/wp-json\/wp\/v2\/pages\/1466\/revisions\/1478"}],"wp:attachment":[{"href":"https:\/\/www.klima-rothenburg.de\/index.php\/wp-json\/wp\/v2\/media?parent=1466"}],"curies":[{"name":"wp","href":"https:\/\/api.w.org\/{rel}","templated":true}]}}