{"id":41,"date":"2021-04-16T18:21:18","date_gmt":"2021-04-16T16:21:18","guid":{"rendered":"https:\/\/www.klima-rothenburg.de\/?page_id=41"},"modified":"2026-05-05T18:15:09","modified_gmt":"2026-05-05T16:15:09","slug":"impressum","status":"publish","type":"page","link":"https:\/\/www.klima-rothenburg.de\/index.php\/impressum\/","title":{"rendered":"Impressum"},"content":{"rendered":"\n<p><strong>Angaben gem\u00e4\u00df \u00a7 5 TMG<\/strong><\/p>\n\n\n\n<h4 class=\"wp-block-heading\">Kontakt<\/h4>\n\n\n\n<p>Camilla Ebert <br>Teuschleinstr. 7<br>91541 Rothenburg o.d.T.<\/p>\n\n\n\n<p><img loading=\"lazy\" decoding=\"async\" width=\"26\" height=\"33\" style=\"margin-bottom: -5px\" src=\"https:\/\/www.klima-rothenburg.de\/wordpress\/wp-content\/uploads\/2021\/05\/Tel-IconDUNKLE.gif\" alt=\"Telefon\">\u00a0 09861 | 91 789 51<br> <img loading=\"lazy\" decoding=\"async\" width=\"26\" height=\"33\" style=\"margin-bottom: -5px\" src=\"https:\/\/www.klima-rothenburg.de\/wordpress\/wp-content\/uploads\/2021\/05\/KontakticonDUNKEL.gif\" alt=\"mail\">\u00a0\u00a0<a href=\"mailto:info@klima-rothenburg.de\">info(at)klima-rothenburg.de<\/a><br> <img loading=\"lazy\" decoding=\"async\" width=\"26\" height=\"33\" style=\"margin-bottom: -6px\" src=\"https:\/\/www.klima-rothenburg.de\/wordpress\/wp-content\/uploads\/2021\/05\/Icon-wb.gif\" alt=\"WWW\"> \u00a0 www.klima.rothenburg.de<\/p>\n\n\n\n<p><br><\/p>\n\n\n\n<h4 class=\"wp-block-heading\">Gestaltung<\/h4>\n\n\n\n<p>daswunderbaregrafikbuero Camilla Ebert<br>Teuschleinstr. 7<br>91541 Rothenburg o.d.T.<\/p>\n\n\n\n<p> <img loading=\"lazy\" decoding=\"async\" width=\"26\" height=\"33\" src=\"https:\/\/www.klima-rothenburg.de\/wordpress\/wp-content\/uploads\/2021\/05\/Tel-IconDUNKLE.gif\" alt=\"Telefon\" style=\"margin-bottom: -5px\">&nbsp; 09861 | 983 79<br> <img loading=\"lazy\" decoding=\"async\" width=\"26\" height=\"33\" src=\"https:\/\/www.klima-rothenburg.de\/wordpress\/wp-content\/uploads\/2021\/05\/KontakticonDUNKEL.gif\" alt=\"mail\" style=\"margin-bottom: -5px\">&nbsp;&nbsp;<a href=\"mailto:camilla-ebert@daswunderbaregrafikbuero.de\">camilla-ebert@daswunderbaregrafikbuero.de<\/a><\/p>\n\n\n\n<p><br>  <br><\/p>\n\n\n\n<pre class=\"wp-block-code\"><code><\/code><\/pre>\n\n\n\n<p><strong>Redaktionell Verantwortlicher<\/strong><\/p>\n\n\n\n<p>Camilla  Ebert<\/p>\n\n\n\n<p><\/p>\n\n\n\n<p><strong>Haftung f\u00fcr Inhalte<\/strong><\/p>\n\n\n\n<p>Als Diensteanbieter sind wir gem\u00e4\u00df \u00a7 7 Abs.1 TMG f\u00fcr eigene Inhalte auf diesen Seiten nach den<br>allgemeinen Gesetzen verantwortlich. Nach \u00a7\u00a7 8 bis 10 TMG sind wir als Diensteanbieter jedoch nicht<br>verpflichtet, \u00fcbermittelte oder gespeicherte fremde Informationen zu \u00fcberwachen oder nach Umst\u00e4nden zu<br>forschen, die auf eine rechtswidrige T\u00e4tigkeit hinweisen.<br>Verpflichtungen zur Entfernung oder Sperrung der Nutzung von Informationen nach den allgemeinen<br>Gesetzen bleiben hiervon unber\u00fchrt. Eine diesbez\u00fcgliche Haftung ist jedoch erst ab dem Zeitpunkt der<br>Kenntnis einer konkreten Rechtsverletzung m\u00f6glich. Bei Bekanntwerden von entsprechenden<br>Rechtsverletzungen werden wir diese Inhalte umgehend entfernen.<\/p>\n\n\n\n<p><\/p>\n\n\n\n<p><strong>Haftung f\u00fcr Links<\/strong><\/p>\n\n\n\n<p>Unser Angebot enth\u00e4lt Links zu externen Websites Dritter, auf deren Inhalte wir keinen Einfluss haben.<br>Deshalb k\u00f6nnen wir f\u00fcr diese fremden Inhalte auch keine Gew\u00e4hr \u00fcbernehmen. F\u00fcr die Inhalte der<br>verlinkten Seiten ist stets der jeweilige Anbieter oder Betreiber der Seiten verantwortlich. Die verlinkten<br>Seiten wurden zum Zeitpunkt der Verlinkung auf m\u00f6gliche Rechtsverst\u00f6\u00dfe \u00fcberpr\u00fcft. Rechtswidrige Inhalte<br>waren zum Zeitpunkt der Verlinkung nicht erkennbar.<br>Eine permanente inhaltliche Kontrolle der verlinkten Seiten ist jedoch ohne konkrete Anhaltspunkte einer<br>Rechtsverletzung nicht zumutbar. Bei Bekanntwerden von Rechtsverletzungen werden wir derartige Links<br>umgehend entfernen<\/p>\n","protected":false},"excerpt":{"rendered":"<p>Angaben gem\u00e4\u00df \u00a7 5 TMG Kontakt Camilla Ebert Teuschleinstr. 791541 Rothenburg o.d.T. \u00a0 09861 | 91 789 51 \u00a0\u00a0info(at)klima-rothenburg.de \u00a0 www.klima.rothenburg.de Gestaltung daswunderbaregrafikbuero Camilla EbertTeuschleinstr. 791541 Rothenburg o.d.T. &nbsp; 09861 | 983 79 &nbsp;&nbsp;camilla-ebert@daswunderbaregrafikbuero.de Redaktionell Verantwortlicher Camilla Ebert Haftung f\u00fcr Inhalte Als Diensteanbieter sind wir gem\u00e4\u00df \u00a7 7 Abs.1 TMG f\u00fcr eigene Inhalte auf diesen&hellip;&nbsp;<a href=\"https:\/\/www.klima-rothenburg.de\/index.php\/impressum\/\" rel=\"bookmark\">Weiterlesen &raquo;<span class=\"screen-reader-text\">Impressum<\/span><\/a><\/p>\n","protected":false},"author":1,"featured_media":0,"parent":0,"menu_order":0,"comment_status":"closed","ping_status":"closed","template":"","meta":{"neve_meta_sidebar":"full-width","neve_meta_container":"","neve_meta_enable_content_width":"on","neve_meta_content_width":100,"neve_meta_title_alignment":"","neve_meta_author_avatar":"","neve_post_elements_order":"","neve_meta_disable_header":"","neve_meta_disable_footer":"","neve_meta_disable_title":"","footnotes":""},"class_list":["post-41","page","type-page","status-publish","hentry"],"amp_enabled":true,"_links":{"self":[{"href":"https:\/\/www.klima-rothenburg.de\/index.php\/wp-json\/wp\/v2\/pages\/41","targetHints":{"allow":["GET"]}}],"collection":[{"href":"https:\/\/www.klima-rothenburg.de\/index.php\/wp-json\/wp\/v2\/pages"}],"about":[{"href":"https:\/\/www.klima-rothenburg.de\/index.php\/wp-json\/wp\/v2\/types\/page"}],"author":[{"embeddable":true,"href":"https:\/\/www.klima-rothenburg.de\/index.php\/wp-json\/wp\/v2\/users\/1"}],"replies":[{"embeddable":true,"href":"https:\/\/www.klima-rothenburg.de\/index.php\/wp-json\/wp\/v2\/comments?post=41"}],"version-history":[{"count":34,"href":"https:\/\/www.klima-rothenburg.de\/index.php\/wp-json\/wp\/v2\/pages\/41\/revisions"}],"predecessor-version":[{"id":1361,"href":"https:\/\/www.klima-rothenburg.de\/index.php\/wp-json\/wp\/v2\/pages\/41\/revisions\/1361"}],"wp:attachment":[{"href":"https:\/\/www.klima-rothenburg.de\/index.php\/wp-json\/wp\/v2\/media?parent=41"}],"curies":[{"name":"wp","href":"https:\/\/api.w.org\/{rel}","templated":true}]}}