{"id":446,"date":"2021-05-12T20:10:45","date_gmt":"2021-05-12T18:10:45","guid":{"rendered":"https:\/\/www.klima-rothenburg.de\/?page_id=446"},"modified":"2023-10-25T09:57:13","modified_gmt":"2023-10-25T07:57:13","slug":"upcycling","status":"publish","type":"page","link":"https:\/\/www.klima-rothenburg.de\/index.php\/upcycling\/","title":{"rendered":"Upcycling"},"content":{"rendered":"\n<p>Spielzeugkisten f\u00fcr gebrauchtes Sandspielzeug, in Zusammenarbeit mit Hundertprozent<\/p>\n\n\n\n<figure class=\"wp-block-image size-large\"><img loading=\"lazy\" decoding=\"async\" width=\"1024\" height=\"768\" src=\"https:\/\/www.klima-rothenburg.de\/wordpress\/wp-content\/uploads\/2022\/08\/spielzeugkisten2-1024x768.jpeg\" alt=\"\" class=\"wp-image-946\" srcset=\"https:\/\/www.klima-rothenburg.de\/wordpress\/wp-content\/uploads\/2022\/08\/spielzeugkisten2-1024x768.jpeg 1024w, https:\/\/www.klima-rothenburg.de\/wordpress\/wp-content\/uploads\/2022\/08\/spielzeugkisten2-300x225.jpeg 300w, https:\/\/www.klima-rothenburg.de\/wordpress\/wp-content\/uploads\/2022\/08\/spielzeugkisten2-768x576.jpeg 768w, https:\/\/www.klima-rothenburg.de\/wordpress\/wp-content\/uploads\/2022\/08\/spielzeugkisten2-1536x1152.jpeg 1536w, https:\/\/www.klima-rothenburg.de\/wordpress\/wp-content\/uploads\/2022\/08\/spielzeugkisten2.jpeg 1824w\" sizes=\"auto, (max-width: 1024px) 100vw, 1024px\" \/><\/figure>\n\n\n\n<p>leider fand die Stadt Rothenburg, da\u00df es f\u00fcr sie zuviel Aufwand w\u00e4re und da\u00df diese Sandspielzeugkisten zu gef\u00e4hrlich w\u00e4re.<br>Das Umland hat sich sehr dar\u00fcber gefreut&nbsp;<\/p>\n","protected":false},"excerpt":{"rendered":"<p>Spielzeugkisten f\u00fcr gebrauchtes Sandspielzeug, in Zusammenarbeit mit Hundertprozent leider fand die Stadt Rothenburg, da\u00df es f\u00fcr sie zuviel Aufwand w\u00e4re und da\u00df diese Sandspielzeugkisten zu gef\u00e4hrlich w\u00e4re.Das Umland hat sich sehr dar\u00fcber gefreut&nbsp;<\/p>\n","protected":false},"author":2,"featured_media":0,"parent":0,"menu_order":0,"comment_status":"closed","ping_status":"closed","template":"","meta":{"neve_meta_sidebar":"full-width","neve_meta_container":"","neve_meta_enable_content_width":"on","neve_meta_content_width":100,"neve_meta_title_alignment":"","neve_meta_author_avatar":"","neve_post_elements_order":"","neve_meta_disable_header":"","neve_meta_disable_footer":"","neve_meta_disable_title":"","footnotes":""},"class_list":["post-446","page","type-page","status-publish","hentry"],"amp_enabled":true,"_links":{"self":[{"href":"https:\/\/www.klima-rothenburg.de\/index.php\/wp-json\/wp\/v2\/pages\/446","targetHints":{"allow":["GET"]}}],"collection":[{"href":"https:\/\/www.klima-rothenburg.de\/index.php\/wp-json\/wp\/v2\/pages"}],"about":[{"href":"https:\/\/www.klima-rothenburg.de\/index.php\/wp-json\/wp\/v2\/types\/page"}],"author":[{"embeddable":true,"href":"https:\/\/www.klima-rothenburg.de\/index.php\/wp-json\/wp\/v2\/users\/2"}],"replies":[{"embeddable":true,"href":"https:\/\/www.klima-rothenburg.de\/index.php\/wp-json\/wp\/v2\/comments?post=446"}],"version-history":[{"count":4,"href":"https:\/\/www.klima-rothenburg.de\/index.php\/wp-json\/wp\/v2\/pages\/446\/revisions"}],"predecessor-version":[{"id":1273,"href":"https:\/\/www.klima-rothenburg.de\/index.php\/wp-json\/wp\/v2\/pages\/446\/revisions\/1273"}],"wp:attachment":[{"href":"https:\/\/www.klima-rothenburg.de\/index.php\/wp-json\/wp\/v2\/media?parent=446"}],"curies":[{"name":"wp","href":"https:\/\/api.w.org\/{rel}","templated":true}]}}