{"id":76,"date":"2021-04-20T23:24:47","date_gmt":"2021-04-20T21:24:47","guid":{"rendered":"https:\/\/www.klima-rothenburg.de\/?page_id=76"},"modified":"2021-05-19T19:49:56","modified_gmt":"2021-05-19T17:49:56","slug":"spenden","status":"publish","type":"page","link":"https:\/\/www.klima-rothenburg.de\/index.php\/spenden\/","title":{"rendered":"Spenden"},"content":{"rendered":"\n<p>Gerne k\u00f6nnen Sie unsere Projekt auch finanziell unterst\u00fctzen.<br>Die Abwicklung von Spenden l\u00e4uft \u00fcber unseren Partner <a href=\"https:\/\/hunderprozent.org\">hunderprozent.org<\/a><br><\/p>\n\n\n\n<h3 class=\"wp-block-heading\">Spenden per \u00dcberweisung<\/h3>\n\n\n\n<p><strong>Verwendungszweck:<\/strong>&nbsp;<em>Projektname + Klimab\u00fcndnis Region Rbg + eigene Adresse f\u00fcr eine Spendenbescheinigung.<\/em><br><strong>Kontoinhaber: <\/strong>Hundertprozent e.V.<br><strong>IBAN:<\/strong> DE98 6209 1800 0250 0000 08<br><strong>BIC:<\/strong> GENODES1VHL<br><strong>Bank: <\/strong>Volksbank Hohenlohe<\/p>\n","protected":false},"excerpt":{"rendered":"<p>Gerne k\u00f6nnen Sie unsere Projekt auch finanziell unterst\u00fctzen.Die Abwicklung von Spenden l\u00e4uft \u00fcber unseren Partner hunderprozent.org Spenden per \u00dcberweisung Verwendungszweck:&nbsp;Projektname + Klimab\u00fcndnis Region Rbg + eigene Adresse f\u00fcr eine Spendenbescheinigung.Kontoinhaber: Hundertprozent e.V.IBAN: DE98 6209 1800 0250 0000 08BIC: GENODES1VHLBank: Volksbank Hohenlohe<\/p>\n","protected":false},"author":1,"featured_media":0,"parent":0,"menu_order":0,"comment_status":"closed","ping_status":"closed","template":"","meta":{"neve_meta_sidebar":"full-width","neve_meta_container":"","neve_meta_enable_content_width":"on","neve_meta_content_width":100,"neve_meta_title_alignment":"","neve_meta_author_avatar":"","neve_post_elements_order":"","neve_meta_disable_header":"","neve_meta_disable_footer":"","neve_meta_disable_title":"","footnotes":""},"class_list":["post-76","page","type-page","status-publish","hentry"],"amp_enabled":true,"_links":{"self":[{"href":"https:\/\/www.klima-rothenburg.de\/index.php\/wp-json\/wp\/v2\/pages\/76","targetHints":{"allow":["GET"]}}],"collection":[{"href":"https:\/\/www.klima-rothenburg.de\/index.php\/wp-json\/wp\/v2\/pages"}],"about":[{"href":"https:\/\/www.klima-rothenburg.de\/index.php\/wp-json\/wp\/v2\/types\/page"}],"author":[{"embeddable":true,"href":"https:\/\/www.klima-rothenburg.de\/index.php\/wp-json\/wp\/v2\/users\/1"}],"replies":[{"embeddable":true,"href":"https:\/\/www.klima-rothenburg.de\/index.php\/wp-json\/wp\/v2\/comments?post=76"}],"version-history":[{"count":8,"href":"https:\/\/www.klima-rothenburg.de\/index.php\/wp-json\/wp\/v2\/pages\/76\/revisions"}],"predecessor-version":[{"id":710,"href":"https:\/\/www.klima-rothenburg.de\/index.php\/wp-json\/wp\/v2\/pages\/76\/revisions\/710"}],"wp:attachment":[{"href":"https:\/\/www.klima-rothenburg.de\/index.php\/wp-json\/wp\/v2\/media?parent=76"}],"curies":[{"name":"wp","href":"https:\/\/api.w.org\/{rel}","templated":true}]}}