{"id":89,"date":"2021-04-20T23:47:07","date_gmt":"2021-04-20T21:47:07","guid":{"rendered":"https:\/\/www.klima-rothenburg.de\/?page_id=89"},"modified":"2025-11-14T08:45:19","modified_gmt":"2025-11-14T07:45:19","slug":"arbeitsgruppe-1","status":"publish","type":"page","link":"https:\/\/www.klima-rothenburg.de\/index.php\/arbeitsgruppe-1\/","title":{"rendered":"Klimagruppe"},"content":{"rendered":"\n<p>Inzwischen gab es 3 weitere B\u00fcrgerdialoge zum Thema Energie<\/p>\n\n\n\n<h2 class=\"wp-block-heading has-neve-link-color-color has-text-color\">1. B\u00fcrgerdialog 3. M\u00e4rz 23 <\/h2>\n\n\n\n<p>einige Bilder<\/p>\n\n\n\n<figure class=\"wp-block-image size-full\"><img loading=\"lazy\" decoding=\"async\" width=\"1400\" height=\"703\" src=\"https:\/\/www.klima-rothenburg.de\/wordpress\/wp-content\/uploads\/2023\/03\/Nachheristvorher.jpg\" alt=\"\" class=\"wp-image-1076\" srcset=\"https:\/\/www.klima-rothenburg.de\/wordpress\/wp-content\/uploads\/2023\/03\/Nachheristvorher.jpg 1400w, https:\/\/www.klima-rothenburg.de\/wordpress\/wp-content\/uploads\/2023\/03\/Nachheristvorher-300x151.jpg 300w, https:\/\/www.klima-rothenburg.de\/wordpress\/wp-content\/uploads\/2023\/03\/Nachheristvorher-1024x514.jpg 1024w, https:\/\/www.klima-rothenburg.de\/wordpress\/wp-content\/uploads\/2023\/03\/Nachheristvorher-768x386.jpg 768w\" sizes=\"auto, (max-width: 1400px) 100vw, 1400px\" \/><figcaption class=\"wp-element-caption\">Frau Dr. Gertrud Overmann, die den 1. B\u00fcrgerdialog moderierte, Oliver Ke\u00df, Ebalta, Dr. Rainer Saliger, Siemens. Johannes Schneider, B\u00fcrgermeister Adelshofen, Verwaltungsgemeinschaft<\/figcaption><\/figure>\n\n\n\n<figure class=\"wp-block-gallery has-nested-images columns-default is-cropped wp-block-gallery-1 is-layout-flex wp-block-gallery-is-layout-flex\">\n<figure class=\"wp-block-image size-large\"><img loading=\"lazy\" decoding=\"async\" width=\"1024\" height=\"623\" data-id=\"1072\" src=\"https:\/\/www.klima-rothenburg.de\/wordpress\/wp-content\/uploads\/2023\/03\/Buergerdialog2-1024x623.jpg\" alt=\"\" class=\"wp-image-1072\" srcset=\"https:\/\/www.klima-rothenburg.de\/wordpress\/wp-content\/uploads\/2023\/03\/Buergerdialog2-1024x623.jpg 1024w, https:\/\/www.klima-rothenburg.de\/wordpress\/wp-content\/uploads\/2023\/03\/Buergerdialog2-300x183.jpg 300w, https:\/\/www.klima-rothenburg.de\/wordpress\/wp-content\/uploads\/2023\/03\/Buergerdialog2-768x468.jpg 768w, https:\/\/www.klima-rothenburg.de\/wordpress\/wp-content\/uploads\/2023\/03\/Buergerdialog2-1536x935.jpg 1536w, https:\/\/www.klima-rothenburg.de\/wordpress\/wp-content\/uploads\/2023\/03\/Buergerdialog2.jpg 1600w\" sizes=\"auto, (max-width: 1024px) 100vw, 1024px\" \/><\/figure>\n\n\n\n<figure class=\"wp-block-image size-large\"><img loading=\"lazy\" decoding=\"async\" width=\"1024\" height=\"963\" data-id=\"1073\" src=\"https:\/\/www.klima-rothenburg.de\/wordpress\/wp-content\/uploads\/2023\/03\/Nachbespr.2-1024x963.jpg\" alt=\"\" class=\"wp-image-1073\" srcset=\"https:\/\/www.klima-rothenburg.de\/wordpress\/wp-content\/uploads\/2023\/03\/Nachbespr.2-1024x963.jpg 1024w, https:\/\/www.klima-rothenburg.de\/wordpress\/wp-content\/uploads\/2023\/03\/Nachbespr.2-300x282.jpg 300w, https:\/\/www.klima-rothenburg.de\/wordpress\/wp-content\/uploads\/2023\/03\/Nachbespr.2-768x722.jpg 768w, https:\/\/www.klima-rothenburg.de\/wordpress\/wp-content\/uploads\/2023\/03\/Nachbespr.2.jpg 1400w\" sizes=\"auto, (max-width: 1024px) 100vw, 1024px\" \/><\/figure>\n\n\n\n<figure class=\"wp-block-image size-large\"><img loading=\"lazy\" decoding=\"async\" width=\"1024\" height=\"956\" data-id=\"1081\" src=\"https:\/\/www.klima-rothenburg.de\/wordpress\/wp-content\/uploads\/2023\/03\/Nchgespraech-1024x956.jpg\" alt=\"\" class=\"wp-image-1081\" srcset=\"https:\/\/www.klima-rothenburg.de\/wordpress\/wp-content\/uploads\/2023\/03\/Nchgespraech-1024x956.jpg 1024w, https:\/\/www.klima-rothenburg.de\/wordpress\/wp-content\/uploads\/2023\/03\/Nchgespraech-300x280.jpg 300w, https:\/\/www.klima-rothenburg.de\/wordpress\/wp-content\/uploads\/2023\/03\/Nchgespraech-768x717.jpg 768w, https:\/\/www.klima-rothenburg.de\/wordpress\/wp-content\/uploads\/2023\/03\/Nchgespraech.jpg 1400w\" sizes=\"auto, (max-width: 1024px) 100vw, 1024px\" \/><\/figure>\n\n\n\n<figure class=\"wp-block-image size-large\"><img loading=\"lazy\" decoding=\"async\" width=\"683\" height=\"1024\" data-id=\"1074\" src=\"https:\/\/www.klima-rothenburg.de\/wordpress\/wp-content\/uploads\/2023\/03\/Dimensionierung-683x1024.jpg\" alt=\"\" class=\"wp-image-1074\" srcset=\"https:\/\/www.klima-rothenburg.de\/wordpress\/wp-content\/uploads\/2023\/03\/Dimensionierung-683x1024.jpg 683w, https:\/\/www.klima-rothenburg.de\/wordpress\/wp-content\/uploads\/2023\/03\/Dimensionierung-200x300.jpg 200w, https:\/\/www.klima-rothenburg.de\/wordpress\/wp-content\/uploads\/2023\/03\/Dimensionierung-768x1152.jpg 768w, https:\/\/www.klima-rothenburg.de\/wordpress\/wp-content\/uploads\/2023\/03\/Dimensionierung-1024x1536.jpg 1024w, https:\/\/www.klima-rothenburg.de\/wordpress\/wp-content\/uploads\/2023\/03\/Dimensionierung-1365x2048.jpg 1365w, https:\/\/www.klima-rothenburg.de\/wordpress\/wp-content\/uploads\/2023\/03\/Dimensionierung.jpg 1400w\" sizes=\"auto, (max-width: 683px) 100vw, 683px\" \/><\/figure>\n\n\n\n<figure class=\"wp-block-image size-large\"><img loading=\"lazy\" decoding=\"async\" width=\"1024\" height=\"700\" data-id=\"1075\" src=\"https:\/\/www.klima-rothenburg.de\/wordpress\/wp-content\/uploads\/2023\/03\/Referenten-1024x700.jpg\" alt=\"\" class=\"wp-image-1075\" srcset=\"https:\/\/www.klima-rothenburg.de\/wordpress\/wp-content\/uploads\/2023\/03\/Referenten-1024x700.jpg 1024w, https:\/\/www.klima-rothenburg.de\/wordpress\/wp-content\/uploads\/2023\/03\/Referenten-300x205.jpg 300w, https:\/\/www.klima-rothenburg.de\/wordpress\/wp-content\/uploads\/2023\/03\/Referenten-768x525.jpg 768w, https:\/\/www.klima-rothenburg.de\/wordpress\/wp-content\/uploads\/2023\/03\/Referenten.jpg 1400w\" sizes=\"auto, (max-width: 1024px) 100vw, 1024px\" \/><\/figure>\n\n\n\n<figure class=\"wp-block-image size-large\"><img loading=\"lazy\" decoding=\"async\" width=\"1024\" height=\"573\" data-id=\"1078\" src=\"https:\/\/www.klima-rothenburg.de\/wordpress\/wp-content\/uploads\/2023\/03\/Buergerdialog-1024x573.jpg\" alt=\"\" class=\"wp-image-1078\" srcset=\"https:\/\/www.klima-rothenburg.de\/wordpress\/wp-content\/uploads\/2023\/03\/Buergerdialog-1024x573.jpg 1024w, https:\/\/www.klima-rothenburg.de\/wordpress\/wp-content\/uploads\/2023\/03\/Buergerdialog-300x168.jpg 300w, https:\/\/www.klima-rothenburg.de\/wordpress\/wp-content\/uploads\/2023\/03\/Buergerdialog-768x430.jpg 768w, https:\/\/www.klima-rothenburg.de\/wordpress\/wp-content\/uploads\/2023\/03\/Buergerdialog-1536x859.jpg 1536w, https:\/\/www.klima-rothenburg.de\/wordpress\/wp-content\/uploads\/2023\/03\/Buergerdialog.jpg 1600w\" sizes=\"auto, (max-width: 1024px) 100vw, 1024px\" \/><\/figure>\n\n\n\n<figure class=\"wp-block-image size-large\"><img loading=\"lazy\" decoding=\"async\" width=\"1024\" height=\"488\" data-id=\"1080\" src=\"https:\/\/www.klima-rothenburg.de\/wordpress\/wp-content\/uploads\/2023\/03\/Burgerdialogmaerz.-1-1024x488.jpg\" alt=\"\" class=\"wp-image-1080\" srcset=\"https:\/\/www.klima-rothenburg.de\/wordpress\/wp-content\/uploads\/2023\/03\/Burgerdialogmaerz.-1-1024x488.jpg 1024w, https:\/\/www.klima-rothenburg.de\/wordpress\/wp-content\/uploads\/2023\/03\/Burgerdialogmaerz.-1-300x143.jpg 300w, https:\/\/www.klima-rothenburg.de\/wordpress\/wp-content\/uploads\/2023\/03\/Burgerdialogmaerz.-1-768x366.jpg 768w, https:\/\/www.klima-rothenburg.de\/wordpress\/wp-content\/uploads\/2023\/03\/Burgerdialogmaerz.-1-1536x732.jpg 1536w, https:\/\/www.klima-rothenburg.de\/wordpress\/wp-content\/uploads\/2023\/03\/Burgerdialogmaerz.-1.jpg 1600w\" sizes=\"auto, (max-width: 1024px) 100vw, 1024px\" \/><figcaption class=\"wp-element-caption\">Oliver Ke\u00df, Umweltmanagementbeauftragter der Firma Ebalta<\/figcaption><\/figure>\n<\/figure>\n\n\n\n<figure class=\"wp-block-image size-large\"><img loading=\"lazy\" decoding=\"async\" width=\"1024\" height=\"894\" src=\"https:\/\/www.klima-rothenburg.de\/wordpress\/wp-content\/uploads\/2022\/09\/08_07_2022_ro_Geothermie-1-1024x894.jpg\" alt=\"\" class=\"wp-image-1004\" srcset=\"https:\/\/www.klima-rothenburg.de\/wordpress\/wp-content\/uploads\/2022\/09\/08_07_2022_ro_Geothermie-1-1024x894.jpg 1024w, https:\/\/www.klima-rothenburg.de\/wordpress\/wp-content\/uploads\/2022\/09\/08_07_2022_ro_Geothermie-1-300x262.jpg 300w, https:\/\/www.klima-rothenburg.de\/wordpress\/wp-content\/uploads\/2022\/09\/08_07_2022_ro_Geothermie-1-768x671.jpg 768w, https:\/\/www.klima-rothenburg.de\/wordpress\/wp-content\/uploads\/2022\/09\/08_07_2022_ro_Geothermie-1.jpg 1200w\" sizes=\"auto, (max-width: 1024px) 100vw, 1024px\" \/><\/figure>\n\n\n\n<figure class=\"wp-block-image size-large\"><img loading=\"lazy\" decoding=\"async\" width=\"1024\" height=\"894\" src=\"https:\/\/www.klima-rothenburg.de\/wordpress\/wp-content\/uploads\/2021\/09\/Energiewende-3-1024x894.jpg\" alt=\"\" class=\"wp-image-815\" srcset=\"https:\/\/www.klima-rothenburg.de\/wordpress\/wp-content\/uploads\/2021\/09\/Energiewende-3-1024x894.jpg 1024w, https:\/\/www.klima-rothenburg.de\/wordpress\/wp-content\/uploads\/2021\/09\/Energiewende-3-300x262.jpg 300w, https:\/\/www.klima-rothenburg.de\/wordpress\/wp-content\/uploads\/2021\/09\/Energiewende-3-768x670.jpg 768w, https:\/\/www.klima-rothenburg.de\/wordpress\/wp-content\/uploads\/2021\/09\/Energiewende-3-1536x1341.jpg 1536w, https:\/\/www.klima-rothenburg.de\/wordpress\/wp-content\/uploads\/2021\/09\/Energiewende-3.jpg 1800w\" sizes=\"auto, (max-width: 1024px) 100vw, 1024px\" \/><\/figure>\n\n\n\n<p>Die Bundestagswahl ist grundlegende Richtungswahl, um endlich die Weichen auf konsequenten Klimaschutz zu stellen.<br>Ziele sind gut. 2045 ist aber deutlich zu sp\u00e4t. Wir sollten \/ m\u00fcssen unseren Kindern und Enkeln eine m\u00f6glichst lebenswerte Erde hinterlassen.<br>Wir haben in Rothenburg gro\u00dffl\u00e4chig plakatiert, um darauf aufmerksam zu machen.<br>Auf dem Bild seht ihr einige Unterst\u00fctzer und Unterst\u00fctzerinnen des Klimab\u00fcndnis. <\/p>\n\n\n\n<p><\/p>\n\n\n\n<p><\/p>\n\n\n\n<figure class=\"wp-block-image size-large\"><img loading=\"lazy\" decoding=\"async\" width=\"1024\" height=\"601\" src=\"https:\/\/www.klima-rothenburg.de\/wordpress\/wp-content\/uploads\/2021\/04\/timeisrunnig-1024x601.jpg\" alt=\"Klima-Demo-Rothenburg\" class=\"wp-image-361\" srcset=\"https:\/\/www.klima-rothenburg.de\/wordpress\/wp-content\/uploads\/2021\/04\/timeisrunnig-1024x601.jpg 1024w, https:\/\/www.klima-rothenburg.de\/wordpress\/wp-content\/uploads\/2021\/04\/timeisrunnig-300x176.jpg 300w, https:\/\/www.klima-rothenburg.de\/wordpress\/wp-content\/uploads\/2021\/04\/timeisrunnig-768x450.jpg 768w, https:\/\/www.klima-rothenburg.de\/wordpress\/wp-content\/uploads\/2021\/04\/timeisrunnig.jpg 1400w\" sizes=\"auto, (max-width: 1024px) 100vw, 1024px\" \/><\/figure>\n\n\n\n<p>2019 Friday for Future <br>Jeden Freitag standen wir p\u00fcnktlich am Marktplatz und unterst\u00fctze Friday for Future. Wir forderten den \u201dKlimanotstand\u201d .<br>Auch wenn es dringend notwendig ist ging die Stadt auf unsere Forderung nicht ein. <\/p>\n\n\n\n<p>Aber in einem wir uns einig &#8211; ein Klimamanager ist dringen n\u00f6tig hier in Rothenburg.<br><\/p>\n\n\n\n<p>Doch Corona \u00e4nderte einiges, soll es das gewesen sein? <br>Wir informierten uns bei anderen Gemeinde, gibt es interesse sich eine Stelle als Klimamanager zu teilen, mit 2 Halben Stellen?<br>Doch jetzt ist der Antrag auf F\u00f6rderung von der Stadt gestellt worden.<\/p>\n\n\n\n<figure class=\"wp-block-image size-large is-resized\"><img loading=\"lazy\" decoding=\"async\" width=\"1024\" height=\"787\" src=\"https:\/\/www.klima-rothenburg.de\/wordpress\/wp-content\/uploads\/2021\/05\/FridayforFuture-1024x787.jpg\" alt=\"\" class=\"wp-image-390\" style=\"width:1221px;height:939px\" srcset=\"https:\/\/www.klima-rothenburg.de\/wordpress\/wp-content\/uploads\/2021\/05\/FridayforFuture-1024x787.jpg 1024w, https:\/\/www.klima-rothenburg.de\/wordpress\/wp-content\/uploads\/2021\/05\/FridayforFuture-300x231.jpg 300w, https:\/\/www.klima-rothenburg.de\/wordpress\/wp-content\/uploads\/2021\/05\/FridayforFuture-768x590.jpg 768w, https:\/\/www.klima-rothenburg.de\/wordpress\/wp-content\/uploads\/2021\/05\/FridayforFuture.jpg 1400w\" sizes=\"auto, (max-width: 1024px) 100vw, 1024px\" \/><\/figure>\n\n\n\n<p class=\"has-text-align-left\">Wir fordern einen KlimaManager f\u00fcr Rothenburg<\/p>\n\n\n\n<p><\/p>\n\n\n\n<p><br><\/p>\n","protected":false},"excerpt":{"rendered":"<p>Inzwischen gab es 3 weitere B\u00fcrgerdialoge zum Thema Energie 1. B\u00fcrgerdialog 3. M\u00e4rz 23 einige Bilder Die Bundestagswahl ist grundlegende Richtungswahl, um endlich die Weichen auf konsequenten Klimaschutz zu stellen.Ziele sind gut. 2045 ist aber deutlich zu sp\u00e4t. Wir sollten \/ m\u00fcssen unseren Kindern und Enkeln eine m\u00f6glichst lebenswerte Erde hinterlassen.Wir haben in Rothenburg gro\u00dffl\u00e4chig&hellip;&nbsp;<a href=\"https:\/\/www.klima-rothenburg.de\/index.php\/arbeitsgruppe-1\/\" rel=\"bookmark\">Weiterlesen &raquo;<span class=\"screen-reader-text\">Klimagruppe<\/span><\/a><\/p>\n","protected":false},"author":1,"featured_media":0,"parent":0,"menu_order":0,"comment_status":"closed","ping_status":"closed","template":"","meta":{"neve_meta_sidebar":"full-width","neve_meta_container":"","neve_meta_enable_content_width":"on","neve_meta_content_width":100,"neve_meta_title_alignment":"","neve_meta_author_avatar":"","neve_post_elements_order":"","neve_meta_disable_header":"","neve_meta_disable_footer":"","neve_meta_disable_title":"","footnotes":""},"class_list":["post-89","page","type-page","status-publish","hentry"],"amp_enabled":true,"_links":{"self":[{"href":"https:\/\/www.klima-rothenburg.de\/index.php\/wp-json\/wp\/v2\/pages\/89","targetHints":{"allow":["GET"]}}],"collection":[{"href":"https:\/\/www.klima-rothenburg.de\/index.php\/wp-json\/wp\/v2\/pages"}],"about":[{"href":"https:\/\/www.klima-rothenburg.de\/index.php\/wp-json\/wp\/v2\/types\/page"}],"author":[{"embeddable":true,"href":"https:\/\/www.klima-rothenburg.de\/index.php\/wp-json\/wp\/v2\/users\/1"}],"replies":[{"embeddable":true,"href":"https:\/\/www.klima-rothenburg.de\/index.php\/wp-json\/wp\/v2\/comments?post=89"}],"version-history":[{"count":42,"href":"https:\/\/www.klima-rothenburg.de\/index.php\/wp-json\/wp\/v2\/pages\/89\/revisions"}],"predecessor-version":[{"id":1308,"href":"https:\/\/www.klima-rothenburg.de\/index.php\/wp-json\/wp\/v2\/pages\/89\/revisions\/1308"}],"wp:attachment":[{"href":"https:\/\/www.klima-rothenburg.de\/index.php\/wp-json\/wp\/v2\/media?parent=89"}],"curies":[{"name":"wp","href":"https:\/\/api.w.org\/{rel}","templated":true}]}}