{"id":899,"date":"2021-11-23T07:50:07","date_gmt":"2021-11-23T06:50:07","guid":{"rendered":"https:\/\/www.klima-rothenburg.de\/?page_id=899"},"modified":"2021-11-23T07:54:33","modified_gmt":"2021-11-23T06:54:33","slug":"insektenfreundlich","status":"publish","type":"page","link":"https:\/\/www.klima-rothenburg.de\/index.php\/insektenfreundlich\/","title":{"rendered":"Sch\u00f6n f\u00fcrs Auge, gut f\u00fcr Insekten"},"content":{"rendered":"\n<p>In Zusammenarbeit mit der Stadt Rothenburg gr\u00fcnt am Katzenbuckel eine Wildpflanzenbl\u00fchwiese<\/p>\n\n\n\n<p><\/p>\n\n\n\n<h1 class=\"wp-block-heading\"><\/h1>\n\n\n\n<h2 class=\"wp-block-heading\">Pflanzen f\u00fcr jeden Geschmack<\/h2>\n\n\n\n<p><\/p>\n\n\n\n<p>Kornblume, Wiesensalbei und Nickendes Leimkraut: Mit der richtigen Pflanzenauswahl k\u00f6nnen wir Insekten in unsere G\u00e4rten locken. Viele der Arten bieten nicht nur Hummeln und Schmetterlingen Nahrung, sondern machen sich auch auf unseren Tellern gut!<img decoding=\"async\" src=\"https:\/\/www.nabu.de\/imperia\/md\/nabu\/images\/oekologisch-leben\/garten\/ziergarten\/150609-nabu-salbei-helge-may.jpeg\" alt=\"Mit einem Staudengarten, wilden Ecken und h\u00fcbschen Fr\u00fchbl\u00fchern k\u00f6nnen wir Insekten in unseren G\u00e4rten einen Lebensraum bieten. - Foto: Helge May\"><\/p>\n\n\n\n<p>Mit einem Staudengarten, wilden Ecken und h\u00fcbschen Fr\u00fchbl\u00fchern k\u00f6nnen wir Insekten in unseren G\u00e4rten einen Lebensraum bieten. &#8211; Foto: Helge May<\/p>\n\n\n\n<p>Insekten und Pflanzen sind ein eingespieltes Team: Jede Pflanze hat eine Funktion, jedes Insekt eine Vorliebe. Die Pflanzen erf\u00fcllen dabei verschiedene Zwecke. Nicht nur Nektar und Pollen, sondern auch die St\u00e4ngel und Bl\u00e4tter sind wichtig f\u00fcr Insekten. Denn daraus werden Nester gebaut oder sie werden von Raupen gefressen. Manche Insekten sind auf bestimmte Pflanzen angewiesen, andere sind da nicht so w\u00e4hlerisch.<\/p>\n\n\n\n<p>Aber allen fehlt es an Nahrung und Lebensraum. Der Einsatz von Pestiziden und die fortschreitende Verarmung der Landschaft machen es vielen Arten schwer, noch ausreichend Nahrung zu finden. Unsere G\u00e4rten sind daher letzte Refugien und mit der Wahl der richtigen Pflanzen k\u00f6nnen wir vielen Insekten einen wertvollen Lebensraum bieten (<a href=\"https:\/\/www.nabu.de\/umwelt-und-ressourcen\/oekologisch-leben\/balkon-und-garten\/tiere\/insekten\/22629.html#pflanzliste\">direkt zur Pflanzenliste<\/a>).<\/p>\n\n\n\n<h4 class=\"wp-block-heading\">Natur-Tipps f\u00fcr den Insektengarten<\/h4>\n\n\n\n<ul class=\"wp-block-list\"><li><strong>Wilde Ecken<\/strong>:<br>Die erste und einfachste Ma\u00dfnahme ist es, einfach eine wilde Ecke stehen zu lassen, die weder gem\u00e4ht noch betreten wird. Hier lassen wir Brennnesseln, Gr\u00e4sern und Klee ihren Raum. Denn sie sind f\u00fcr viele unserer Insektenarten \u00fcberlebenswichtig.<br><\/li><li><strong>Fr\u00fchbl\u00fcher<\/strong>:<br>Fr\u00fchbl\u00fcher sind f\u00fcr viele fr\u00fch fliegende Insekten \u00fcberlebensnotwendig. Daher sollte der insektenfreundliche Garten auf jeden Fall eine Auswahl der h\u00fcbschen Pflanzen \u2013 wie zum Beispiel Schneegl\u00f6ckchen, Krokusse oder Narzissen \u2013 enthalten.<br><\/li><li><strong>Wildblumenbeet<\/strong>:<br>Ein wohlduftendes Wildblumenbeet mit heimischen Pflanzen bereichert jeden Garten. Die farbenfrohen, flirrenden Hingucker sind einfach anzulegen und erfreuen ihre Besitzer \u00fcber einen langen Zeitraum.<br><br>Auch die Pflege ist nicht aufwendig: Die Stauden m\u00fcssen nur einmal im Jahr geschnitten werden, was jede Menge Zeit und Arbeit spart. Im Fr\u00fchjahr, wenn der Garten zu neuem Leben erwacht, schl\u00fcpfen die Insekten, die in den Halmen der Wildblumen \u00fcberwintert haben. Nun k\u00f6nnen die Stauden zur\u00fcckgeschnitten werden. Heimische Pflanzen sind noch dazu winterhart und weniger anf\u00e4llig f\u00fcr Pilze und andere Angreifer. Ein kleiner Streifen Wildblumen oder eine Mini-Ecke sind schon ein guter Anfang.<\/li><\/ul>\n","protected":false},"excerpt":{"rendered":"<p>In Zusammenarbeit mit der Stadt Rothenburg gr\u00fcnt am Katzenbuckel eine Wildpflanzenbl\u00fchwiese Pflanzen f\u00fcr jeden Geschmack Kornblume, Wiesensalbei und Nickendes Leimkraut: Mit der richtigen Pflanzenauswahl k\u00f6nnen wir Insekten in unsere G\u00e4rten locken. Viele der Arten bieten nicht nur Hummeln und Schmetterlingen Nahrung, sondern machen sich auch auf unseren Tellern gut! Mit einem Staudengarten, wilden Ecken und&hellip;&nbsp;<a href=\"https:\/\/www.klima-rothenburg.de\/index.php\/insektenfreundlich\/\" rel=\"bookmark\">Weiterlesen &raquo;<span class=\"screen-reader-text\">Sch\u00f6n f\u00fcrs Auge, gut f\u00fcr Insekten<\/span><\/a><\/p>\n","protected":false},"author":2,"featured_media":0,"parent":0,"menu_order":0,"comment_status":"closed","ping_status":"closed","template":"","meta":{"neve_meta_sidebar":"full-width","neve_meta_container":"","neve_meta_enable_content_width":"on","neve_meta_content_width":100,"neve_meta_title_alignment":"","neve_meta_author_avatar":"","neve_post_elements_order":"","neve_meta_disable_header":"","neve_meta_disable_footer":"","neve_meta_disable_title":"","footnotes":""},"class_list":["post-899","page","type-page","status-publish","hentry"],"amp_enabled":true,"_links":{"self":[{"href":"https:\/\/www.klima-rothenburg.de\/index.php\/wp-json\/wp\/v2\/pages\/899","targetHints":{"allow":["GET"]}}],"collection":[{"href":"https:\/\/www.klima-rothenburg.de\/index.php\/wp-json\/wp\/v2\/pages"}],"about":[{"href":"https:\/\/www.klima-rothenburg.de\/index.php\/wp-json\/wp\/v2\/types\/page"}],"author":[{"embeddable":true,"href":"https:\/\/www.klima-rothenburg.de\/index.php\/wp-json\/wp\/v2\/users\/2"}],"replies":[{"embeddable":true,"href":"https:\/\/www.klima-rothenburg.de\/index.php\/wp-json\/wp\/v2\/comments?post=899"}],"version-history":[{"count":5,"href":"https:\/\/www.klima-rothenburg.de\/index.php\/wp-json\/wp\/v2\/pages\/899\/revisions"}],"predecessor-version":[{"id":908,"href":"https:\/\/www.klima-rothenburg.de\/index.php\/wp-json\/wp\/v2\/pages\/899\/revisions\/908"}],"wp:attachment":[{"href":"https:\/\/www.klima-rothenburg.de\/index.php\/wp-json\/wp\/v2\/media?parent=899"}],"curies":[{"name":"wp","href":"https:\/\/api.w.org\/{rel}","templated":true}]}}