{"id":97,"date":"2021-04-20T23:50:44","date_gmt":"2021-04-20T21:50:44","guid":{"rendered":"https:\/\/www.klima-rothenburg.de\/?page_id=97"},"modified":"2021-06-12T14:07:54","modified_gmt":"2021-06-12T12:07:54","slug":"arbeitsgruppe","status":"publish","type":"page","link":"https:\/\/www.klima-rothenburg.de\/index.php\/arbeitsgruppe\/","title":{"rendered":"Fahrradgruppe"},"content":{"rendered":"\n<figure class=\"wp-block-image size-large\"><img loading=\"lazy\" decoding=\"async\" width=\"1024\" height=\"363\" src=\"https:\/\/www.klima-rothenburg.de\/wordpress\/wp-content\/uploads\/2021\/05\/IMG_0761-e1621095683355-1024x363.jpg\" alt=\"\" class=\"wp-image-586\"\/><figcaption>Mitglieder der Fahradgruppe des Klimab\u00fcndnisses Region Rothenburg. Foto: Bor\u00e9e<\/figcaption><\/figure>\n\n\n\n<p>Ein einziges Labyrinth ist der Weg vom Rothenburger Bahnhof in die Innenstadt \u2013 jedenfalls f\u00fcr Radler*innen, die nicht ortskundig sind. Nicht nur diesen Irrgarten will die Fahrradgruppe des Klimab\u00fcndnisses Region Rothenburg angehen. Die Mitglieder haben sich zusammengefunden, um die Stadt und Region ein wenig fahrradfreundlicher zu gestalten.&nbsp;<\/p>\n\n\n\n<p>Es geht der Fahrradgruppe um eine schnelle und sichere Fortbewegung im Einklang mit der Umwelt. Denn einmal quer durch Rothenburg zu fahren, das sind h\u00f6chstens vier Kilometer von Norden nach S\u00fcden. Keine Strecke, um das Auto zu benutzen. Gerade auf solchen kurzen Distanzen im Stadtverkehr mit vielen Stopps an Ampeln sind Autofahrten besonders klimasch\u00e4dlich. Und das Fahrrad meist schneller.\u00a0<\/p>\n\n\n\n<figure class=\"wp-block-image size-large\"><img loading=\"lazy\" decoding=\"async\" width=\"1024\" height=\"435\" src=\"https:\/\/www.klima-rothenburg.de\/wordpress\/wp-content\/uploads\/2021\/06\/Befahrung-Oberbuergermeister-Markus-Naser-1024x435.jpg\" alt=\"\" class=\"wp-image-719\" srcset=\"https:\/\/www.klima-rothenburg.de\/wordpress\/wp-content\/uploads\/2021\/06\/Befahrung-Oberbuergermeister-Markus-Naser-1024x435.jpg 1024w, https:\/\/www.klima-rothenburg.de\/wordpress\/wp-content\/uploads\/2021\/06\/Befahrung-Oberbuergermeister-Markus-Naser-300x127.jpg 300w, https:\/\/www.klima-rothenburg.de\/wordpress\/wp-content\/uploads\/2021\/06\/Befahrung-Oberbuergermeister-Markus-Naser-768x326.jpg 768w, https:\/\/www.klima-rothenburg.de\/wordpress\/wp-content\/uploads\/2021\/06\/Befahrung-Oberbuergermeister-Markus-Naser.jpg 1100w\" sizes=\"auto, (max-width: 1024px) 100vw, 1024px\" \/><figcaption>Befahrung der Rothenburger Fahrradachsen mit Oberb\u00fcrgermeister Markus Naser (rechts) und Kurt F\u00f6rster (links daneben). Gertrud Overmans  (2. von links) erkl\u00e4rt die Wege. Foto: Bor\u00e9e<\/figcaption><\/figure>\n\n\n\n<p>Eine Befahrung der Nord-S\u00fcd- und der Ost-West-Achse durch die Stadt zusammen mit dem Oberb\u00fcrgermeister und Mitgliedern des Stadtrates Anfang Juni 2021 zeigte die Problemfelder in ihrer ganzen Breite auf. Gemischte Radwege gemeinsam mit Fu\u00dfg\u00e4ngern zu nutzen, das f\u00fchrt dann oft dazu, dass die Fahrr\u00e4der ausgebremst sind.\u00a0<\/p>\n\n\n\n<div class=\"wp-block-columns is-layout-flex wp-container-core-columns-is-layout-9d6595d7 wp-block-columns-is-layout-flex\">\n<div class=\"wp-block-column is-layout-flow wp-block-column-is-layout-flow\" style=\"flex-basis:100%\">\n<div class=\"wp-block-media-text alignwide is-stacked-on-mobile\"><figure class=\"wp-block-media-text__media\"><img loading=\"lazy\" decoding=\"async\" width=\"567\" height=\"623\" src=\"https:\/\/www.klima-rothenburg.de\/wordpress\/wp-content\/uploads\/2021\/06\/Bettelampel_Obere_Bahnhofstrasse.jpg\" alt=\"\" class=\"wp-image-718 size-full\" srcset=\"https:\/\/www.klima-rothenburg.de\/wordpress\/wp-content\/uploads\/2021\/06\/Bettelampel_Obere_Bahnhofstrasse.jpg 567w, https:\/\/www.klima-rothenburg.de\/wordpress\/wp-content\/uploads\/2021\/06\/Bettelampel_Obere_Bahnhofstrasse-273x300.jpg 273w\" sizes=\"auto, (max-width: 567px) 100vw, 567px\" \/><\/figure><div class=\"wp-block-media-text__content\">\n<p>An der Kreuzung Ansbacher Stra\u00dfe\/Schlachthofstra\u00dfe lie\u00df sich gut beobachten, dass der Radweg im Nirwana endet. Und die Ampeln dort deutlich ung\u00fcnstiger geschaltet sind als f\u00fcr Autos. Gerade die \u201eBettelampeln\u201c, bei denen erst die Gr\u00fcnphase durch das Dr\u00fccken einer Taste angefordert werden muss, f\u00fchren an mehreren Stellen zu beinahe meditativen Wartezeiten. Ausfahrten von Seitenstra\u00dfen sind leider oft so gestaltet, dass die Autos auf dem Fahrradwegen halten m\u00fcssen, um einen \u00dcberblick \u00fcber die Verkehrslage der Hauptstra\u00dfe zu gewinnen. Am Ende wurde so manches Mitglied des Stadtrates kreativ und entdeckte selbstt\u00e4tig weitere Gefahrenstellen.<\/p>\n<\/div><\/div>\n\n\n\n<p><\/p>\n\n\n\n<p>Nat\u00fcrlich ist die Verkehrsgestaltung oft ein Kompromiss f\u00fcr verschiedene Interessensgruppen. Doch Radler f\u00fchlen sich oft besonders hintenangestellt.<\/p>\n\n\n\n<p>Die Fahrradgruppe hofft gerade darauf, dass beim bevorstehenden Ausbau der oberen Bahnhofstra\u00dfe die Zweir\u00e4der weniger ausgebremst werden.<\/p>\n\n\n\n<p>Nach einer weiteren Begehung der Ansbacher Stra\u00dfe vom R\u00f6dertor bis zum Hotel Post&nbsp;&nbsp;<\/p>\n\n\n\n<p>erfolgte nun eine Neubeschilderung durch die Stadt, nach der jetzt Fahrr\u00e4der zumindest je nach Verkehrssituation entweder den Fu\u00dfweg oder die Stra\u00dfe benutzen d\u00fcrfen.&nbsp;<\/p>\n\n\n\n<p>Damit in der Innenstadt die Parkplatzsuche wegfallen kann, hat die Fahrradgruppe dort auch bereits in engem Kontakt mit dem Stadtbauamt detaillierte Vorschl\u00e4ge f\u00fcr Fahrradst\u00e4nder gemacht.<\/p>\n<\/div>\n<\/div>\n\n\n\n<p class=\"has-text-align-center\"><\/p>\n\n\n\n<p class=\"has-text-align-center\"><\/p>\n","protected":false},"excerpt":{"rendered":"<p>Ein einziges Labyrinth ist der Weg vom Rothenburger Bahnhof in die Innenstadt \u2013 jedenfalls f\u00fcr Radler*innen, die nicht ortskundig sind. Nicht nur diesen Irrgarten will die Fahrradgruppe des Klimab\u00fcndnisses Region Rothenburg angehen. Die Mitglieder haben sich zusammengefunden, um die Stadt und Region ein wenig fahrradfreundlicher zu gestalten.&nbsp; Es geht der Fahrradgruppe um eine schnelle und&hellip;&nbsp;<a href=\"https:\/\/www.klima-rothenburg.de\/index.php\/arbeitsgruppe\/\" rel=\"bookmark\">Weiterlesen &raquo;<span class=\"screen-reader-text\">Fahrradgruppe<\/span><\/a><\/p>\n","protected":false},"author":1,"featured_media":0,"parent":0,"menu_order":0,"comment_status":"closed","ping_status":"closed","template":"","meta":{"neve_meta_sidebar":"full-width","neve_meta_container":"","neve_meta_enable_content_width":"on","neve_meta_content_width":100,"neve_meta_title_alignment":"","neve_meta_author_avatar":"","neve_post_elements_order":"","neve_meta_disable_header":"","neve_meta_disable_footer":"","neve_meta_disable_title":"","footnotes":""},"class_list":["post-97","page","type-page","status-publish","hentry"],"amp_enabled":true,"_links":{"self":[{"href":"https:\/\/www.klima-rothenburg.de\/index.php\/wp-json\/wp\/v2\/pages\/97","targetHints":{"allow":["GET"]}}],"collection":[{"href":"https:\/\/www.klima-rothenburg.de\/index.php\/wp-json\/wp\/v2\/pages"}],"about":[{"href":"https:\/\/www.klima-rothenburg.de\/index.php\/wp-json\/wp\/v2\/types\/page"}],"author":[{"embeddable":true,"href":"https:\/\/www.klima-rothenburg.de\/index.php\/wp-json\/wp\/v2\/users\/1"}],"replies":[{"embeddable":true,"href":"https:\/\/www.klima-rothenburg.de\/index.php\/wp-json\/wp\/v2\/comments?post=97"}],"version-history":[{"count":23,"href":"https:\/\/www.klima-rothenburg.de\/index.php\/wp-json\/wp\/v2\/pages\/97\/revisions"}],"predecessor-version":[{"id":727,"href":"https:\/\/www.klima-rothenburg.de\/index.php\/wp-json\/wp\/v2\/pages\/97\/revisions\/727"}],"wp:attachment":[{"href":"https:\/\/www.klima-rothenburg.de\/index.php\/wp-json\/wp\/v2\/media?parent=97"}],"curies":[{"name":"wp","href":"https:\/\/api.w.org\/{rel}","templated":true}]}}